{"id":246,"date":"2023-12-22T17:45:14","date_gmt":"2023-12-22T16:45:14","guid":{"rendered":"http:\/\/www.noorderhart.nl\/?page_id=246"},"modified":"2025-10-03T13:00:41","modified_gmt":"2025-10-03T12:00:41","slug":"algemene-voorwaarden","status":"publish","type":"page","link":"https:\/\/www.noorderhart.nl\/?page_id=246","title":{"rendered":"Algemene voorwaarden"},"content":{"rendered":"\n<p><strong>Artikel 1 &#8211; Definities<\/strong><br>1. Noorderhart: Noorderhart, gevestigd te Amsterdam, KvK-nummer 90227697.<br>2. Cli\u00ebnt: Degene met die Noorderhart een behandelovereenkomst is aangegaan.<br><br><strong>Artikel 2 &#8211; Toepasselijkheid<\/strong><br>1. Deze voorwaarden gelden voor alle aanbiedingen, diensten en transacties door of namens Noorderhart.<br>2. Noorderhart en de cli\u00ebnt kunnen alleen afwijken van deze voorwaarden als dat schriftelijk is afgesproken.<br>3. Noorderhart en de cli\u00ebnt sluiten de toepasselijkheid van de voorwaarden van de cli\u00ebnt of van anderen uitdrukkelijk uit.<br><br><strong>Artikel 3 &#8211; Uitvoering van de behandeling<\/strong><br>1. Noorderhart voert de behandeling naar beste inzicht en vermogen en volgens de eisen van goed vakmanschap uit.<br>2. De cli\u00ebnt is zelf verantwoordelijk voor het informeren van de huisarts\/medisch specialist over gezondheidsklachten en de behandeling bij Noorderhart. Ook dient de cli\u00ebnt zelf bij de behandeld arts te informeren of de behandeling van Noorderhart past bij diens gezondheidssituatie. <br>3. De diensten van Noorderhart zijn geen vervanging van reguliere zorg. Noorderhart biedt geen medisch advies, diagnostiek of medische behandeling.<br>4. De cli\u00ebnt zorgt ervoor op tijd aanwezig te zijn, zodat Noorderhart op tijd kan beginnen met de behandeling.<br>5. Is de cli\u00ebnt niet op tijd aanwezig, dan zal de behandeling zoveel korter duren als de cli\u00ebnt te laat komt. De cli\u00ebnt is Noorderhart in dat geval wel het volledige behandelbedrag verschuldigd.<br>6. Annulering van een afspraak kan kosteloos tot 24 uur van tevoren via Whatsapp of e-mail (info@www.noorderhart.nl). Bij annulering korter dan 24 uur van tevoren mag Noorderhart 50% van de behandelkosten in rekening brengen.<br><br><strong>Artikel 4 &#8211; Informatieverstrekking door de cli\u00ebnt<\/strong><br>1. De cli\u00ebnt geeft Noorderhart alle informatie die nodig is voor een goede uitvoering van de behandeling. Het gaat om de volgende informatie:<br>\u2013 de hulpvraag;<br>\u2013 gezondheid en medisch verleden;<br>\u2013 het onder behandeling zijn van een arts, specialist of therapeut en voor welke klacht\/aandoening;<br>\u2013 medicijngebruik (voor zover van toepassing).<br>2. De cli\u00ebnt staat in voor de juistheid en volledigheid van de informatie gedurende het hele behandeltraject.<br><br><strong>Artikel 5 &#8211; Garantie<\/strong><br>1. Cli\u00ebnt en Noorderhart gaan een overeenkomst aan voor een te leveren dienst. Noorderhart heeft alleen een inspanningsverplichting en geen resultaatsverplichting.<br><br><strong>Artikel 6 &#8211; Vrijwaring<\/strong><br>1. De cli\u00ebnt vrijwaart Noorderhart tegen alle aanspraken van anderen die verband houden met de door Noorderhart geleverde diensten.<br><br><strong>Artikel 7 &#8211;  Prijzen<\/strong><br>1. Noorderhart vermeldt de prijzen voor haar diensten op haar website. De getoonde prijzen zijn totaalprijzen (inclusief eventuele btw).<br>2. Noorderhart mag de prijzen voor haar diensten op haar website en in andere uitingen altijd wijzigen. <br>3. Aanbiedingen zijn geldig in de daarbij genoemde periode.<br><br><strong>Artikel 8 &#8211; Betalingen en betalingstermijn<\/strong><br>1. De cli\u00ebnt moet een betaling achteraf binnen 14 dagen na levering hebben voldaan, via bankoverschrijving\/betaalverzoek of contant.<br>2. Als de cli\u00ebnt de behandeling voortijdig wenst te stoppen, dan is die toch het volledige bedrag van de behandeling aan Noorderhart verschuldigd.<br><br><strong>Artikel 9 &#8211; Klachten<\/strong><br>1. Als de cli\u00ebnt niet tevreden is over de behandeling door Noorderhart, dan moet de cli\u00ebnt Noorderhart hiervan binnen 7 dagen na de behandeling op de hoogte stellen.<br>2. De cli\u00ebnt geeft daarbij een zo gedetailleerd mogelijke beschrijving van de tekortkoming, zodat Noorderhart hier gepast op kan reageren.<br>3. Noorderhart zal hierop binnen 7 dagen reageren en proberen tot een informele oplossing te komen.<br>4. Voor een verdere toelichting op de procedure bij klachten, zie de <a href=\"http:\/\/www.noorderhart.nl\/?page_id=58\">klachtenprocedure<\/a>.<br><br><strong>Artikel 10 &#8211; Aansprakelijkheid<\/strong><br>1. Noorderhart is alleen aansprakelijk voor schade die de cli\u00ebnt lijdt wanneer die schade is veroorzaakt door opzet of bewuste roekeloosheid.<br>2. Wanneer Noorderhart aansprakelijk is voor schade, dan geldt dat alleen voor directe schade die verbandt houdt met de uitvoering van de behandeling.<br>3. Noorderhart is niet aansprakelijk voor indirecte schade, zoals gevolgschade of schade aan derden.<br>4. Noorderhart is ook niet aansprakelijk voor verlies, beschadiging of diefstal van persoonlijke eigendommen die door de cli\u00ebnt zijn meegenomen naar de praktijk.<br>5. Wanneer Noorderhart aansprakelijk is, is deze aansprakelijkheid beperkt tot het bedrag dat door een gesloten (beroeps)aansprakelijkheidsverzekering wordt uitbetaald. Is er geen verzekering afgesloten of wordt geen schadebedrag uitgekeerd, dan is de aansprakelijkheid beperkt tot het factuurbedrag waarop de aansprakelijkheid betrekking heeft.<br>6. Alle inhoud van de website en andere informatiematerialen van Noorderhart zijn indicatief en kunnen niet leiden tot vergoeding, ontbinding of opschorting.<br><br><strong>Artikel 11 &#8211; Vervaltermijn<\/strong><br>1. Elk recht van de cli\u00ebnt op schadevergoeding van Noorderhart vervalt 12 maanden na de gebeurtenis waaruit de aansprakelijkheid direct of indirect voortvloeit. Dit ontslaat de cli\u00ebnt niet van de verplichting om de tekortkoming binnen bekwame tijd bij Noorderhart te melden.<br><br><strong>Artikel 12 &#8211; Overmacht<\/strong><br>1. Een tekortkoming van Noorderhart kan door de cli\u00ebnt niet aan Noorderhart worden toegerekend als er sprake is van overmacht. Hieronder valt onder meer ook:<br>&#8211; overheidsmaatregelen<br>&#8211; slechte weersomstandigheden<br>&#8211; internet-, computer-, telecom- of electriciteitsstoringen<br>&#8211; computervirussen<br>&#8211; stakingen<br>&#8211; vervoersproblemen<br>&#8211; werkonderbrekingen<br>&#8211; wanprestatie of overmacht van toeleveranciers of anderen<br>&#8211; een noodtoestand<br>2. Wanneer zich een overmachtssituatie voordoet waardoor Noorderhart een verplichting naar de cli\u00ebnt niet kan nakomen, dan worden die verplichtingen opgeschort totdat Noorderhart kan nakomen.<br><br><strong>Artikel 13 &#8211; Behoorlijk gedrag<\/strong><br>1. Noorderhart behoudt zich het recht voor om zonder opgaaf van redenen een behandeling te weigeren of voortijdig te stoppen indien er naar eigen inzicht sprake is van onbehoorlijk gedrag.<br><br><strong>Artikel 14 &#8211; Wijziging Algemene Voorwaarden<\/strong><br>1. Noorderhart mag deze voorwaarden wijzigen.<br><br><strong>Artikel 15 &#8211; Toepasselijk recht<\/strong><br>1. Op deze algemene voorwaarden en de behandelovereenkomst tussen de cli\u00ebnt en Noorderhart is het Nederlands recht van toepassing.<br><br>Deze algemene voorwaarden zijn opgesteld op 23 december 2023 en bijgewerkt op 3 oktober 2025.<br><\/p>\n","protected":false},"excerpt":{"rendered":"<p>Artikel 1 &#8211; Definities1. Noorderhart: Noorderhart, gevestigd te Amsterdam, KvK-nummer 90227697.2. Cli\u00ebnt: Degene met die Noorderhart een behandelovereenkomst is aangegaan. Artikel 2 &#8211; Toepasselijkheid1. Deze voorwaarden gelden voor alle aanbiedingen, &hellip; <\/p>\n","protected":false},"author":1,"featured_media":0,"parent":0,"menu_order":0,"comment_status":"closed","ping_status":"closed","template":"","meta":{"footnotes":""},"class_list":["post-246","page","type-page","status-publish","hentry"],"_links":{"self":[{"href":"https:\/\/www.noorderhart.nl\/index.php?rest_route=\/wp\/v2\/pages\/246","targetHints":{"allow":["GET"]}}],"collection":[{"href":"https:\/\/www.noorderhart.nl\/index.php?rest_route=\/wp\/v2\/pages"}],"about":[{"href":"https:\/\/www.noorderhart.nl\/index.php?rest_route=\/wp\/v2\/types\/page"}],"author":[{"embeddable":true,"href":"https:\/\/www.noorderhart.nl\/index.php?rest_route=\/wp\/v2\/users\/1"}],"replies":[{"embeddable":true,"href":"https:\/\/www.noorderhart.nl\/index.php?rest_route=%2Fwp%2Fv2%2Fcomments&post=246"}],"version-history":[{"count":11,"href":"https:\/\/www.noorderhart.nl\/index.php?rest_route=\/wp\/v2\/pages\/246\/revisions"}],"predecessor-version":[{"id":469,"href":"https:\/\/www.noorderhart.nl\/index.php?rest_route=\/wp\/v2\/pages\/246\/revisions\/469"}],"wp:attachment":[{"href":"https:\/\/www.noorderhart.nl\/index.php?rest_route=%2Fwp%2Fv2%2Fmedia&parent=246"}],"curies":[{"name":"wp","href":"https:\/\/api.w.org\/{rel}","templated":true}]}}